{"id":67,"date":"2019-12-11T18:18:03","date_gmt":"2019-12-11T17:18:03","guid":{"rendered":"http:\/\/rgdietetique.fr\/?page_id=67"},"modified":"2022-03-02T18:08:09","modified_gmt":"2022-03-02T17:08:09","slug":"tarifs","status":"publish","type":"page","link":"https:\/\/rgdietetique.fr\/index.php\/tarifs\/","title":{"rendered":"Consultations &#038; Tarifs"},"content":{"rendered":"\n<h2 class=\"has-large-font-size\"><strong>Consultations au cabinet <\/strong><\/h2>\n\n\n\n<figure class=\"wp-block-image size-large\"><img loading=\"lazy\" width=\"1024\" height=\"856\" src=\"http:\/\/rgdietetique.fr\/wp-content\/uploads\/2020\/09\/A422C67A-DD77-45A9-8F99-2B10987E3DE9-1-1024x856.jpg\" alt=\"\" class=\"wp-image-378\" srcset=\"https:\/\/rgdietetique.fr\/wp-content\/uploads\/2020\/09\/A422C67A-DD77-45A9-8F99-2B10987E3DE9-1-1024x856.jpg 1024w, https:\/\/rgdietetique.fr\/wp-content\/uploads\/2020\/09\/A422C67A-DD77-45A9-8F99-2B10987E3DE9-1-300x251.jpg 300w, https:\/\/rgdietetique.fr\/wp-content\/uploads\/2020\/09\/A422C67A-DD77-45A9-8F99-2B10987E3DE9-1-768x642.jpg 768w, https:\/\/rgdietetique.fr\/wp-content\/uploads\/2020\/09\/A422C67A-DD77-45A9-8F99-2B10987E3DE9-1-1536x1284.jpg 1536w, https:\/\/rgdietetique.fr\/wp-content\/uploads\/2020\/09\/A422C67A-DD77-45A9-8F99-2B10987E3DE9-1-2048x1712.jpg 2048w, https:\/\/rgdietetique.fr\/wp-content\/uploads\/2020\/09\/A422C67A-DD77-45A9-8F99-2B10987E3DE9-1-465x389.jpg 465w, https:\/\/rgdietetique.fr\/wp-content\/uploads\/2020\/09\/A422C67A-DD77-45A9-8F99-2B10987E3DE9-1-598x500.jpg 598w\" sizes=\"(max-width: 1024px) 100vw, 1024px\" \/><\/figure>\n\n\n\n<p>Mon cabinet se situe Place Pierre Mend\u00e8s France \u00e0 Castelnau-Le-Lez (\u00e0 gauche de la poste). Consultations possibles les mardis, jeudis de 8h00 \u00e0 20h00, les vendredis matins de 8h00 \u00e0 13h30 et les samedis apr\u00e8s midis de 13h30 \u00e0 20h00. <em>Uniquement sur rendez-vous. <\/em><\/p>\n\n\n\n<h2 class=\"has-large-font-size\"><strong>Consultations \u00e0 domicile<\/strong><\/h2>\n\n\n\n<p class=\"has-accent-color has-text-color\"><strong>Vous avez du mal \u00e0 vous d\u00e9placer. Votre temps est pr\u00e9cieux.<br>Vous n\u2019avez pas envie de perdre du temps dans les transports ou les embouteillages.<\/strong><\/p>\n\n\n\n<p class=\"has-accent-color has-text-color\">Je me d\u00e9place pour r\u00e9pondre \u00e0 vos demandes \u00e0 Montpellier et alentours.<\/p>\n\n\n\n<p class=\"has-accent-color has-text-color\">Les consultations \u00e0 domicile pr\u00e9sentent de nombreux avantages. Outre le gain de temps, il sera plus facile pour moi d\u2019analyser votre comportement alimentaire car vous pourrez me montrer ce que vous avez l\u2019habitude de consommer.&nbsp;<\/p>\n\n\n\n<p class=\"has-accent-color has-text-color\">Si vous le souhaitez, nous pouvons examiner le contenu de vos placards et de votre r\u00e9frig\u00e9rateur pour vous apprendre \u00e0 reconna\u00eetre les aliments \u00e0 privil\u00e9gier. Je vous donnerai des astuces pour savoir les pr\u00e9parer, et nous \u00e9tablirons ensemble un programme personnalis\u00e9.<\/p>\n\n\n\n<blockquote class=\"wp-block-quote is-style-default\"><p><strong>\u00ab Votre objectif est de vous sentir bien dans votre corps, dans votre vie. Mon objectif est de vous donner les moyens d\u2019y arriver. \u00bb<\/strong><\/p><\/blockquote>\n\n\n\n<p class=\"has-accent-color has-text-color\">Di\u00e9t\u00e9ticienne nutritionniste et coach, mon r\u00f4le est de vous accompagner et de vous aider \u00e0 trouver un \u00e9quilibre\u2026 votre \u00e9quilibre. Je prendrai pour cela le temps d\u2019apprendre \u00e0 vous conna\u00eetre, d\u2019\u00e9couter votre histoire, d\u2019identifier vos craintes et de vous faire prendre conscience de vos forces. <\/p>\n\n\n\n<div class=\"wp-container-1 wp-block-group\"><div class=\"wp-block-group__inner-container\">\n<div class=\"wp-block-columns\">\n<div class=\"wp-block-column\" style=\"flex-basis:100%\">\n<p class=\"has-accent-color has-text-color has-large-font-size\"><strong><h2 class=\"has-large-font-size\"><strong> ACCOMPAGNEMENT DI\u00c9T\u00c9TIQUE ID\u00c9A<\/strong>L<\/h2><\/strong><\/p>\n<\/div>\n<\/div>\n<\/div><\/div>\n\n\n\n<p class=\"has-accent-color has-text-color\">Il s&rsquo;agit d&rsquo;un accompagnement sur mesure o\u00f9 je vous accompagne 7j\/7 et r\u00e9ponds \u00e0 vos questions dans un d\u00e9lai de 24h (questions via email, sms, WhatsApp ou Instagram). Cet accompagnement vous permet d&rsquo;\u00eatre encadr\u00e9 et de rester motiv\u00e9 jusqu&rsquo;\u00e0 l&rsquo;atteinte de votre objectif.<\/p>\n\n\n\n<p><p><strong>\u23f3 La consultation dure environ 1h00 <\/strong><\/p><\/p>\n\n\n\n<p><p><strong>\u2714\ufe0f Bilan nutritionnel au cabinet une fois \/ mois<\/strong><\/p><\/p>\n\n\n\n<p class=\"has-accent-color has-text-color\"><strong>\u260e\ufe0f Bilan par t\u00e9l\u00e9phone une fois \/ semaine<\/strong><\/p>\n\n\n\n<p class=\"has-accent-color has-text-color\"><strong>\u2714\ufe0f Tableau de bord + conseils 100% personnalis\u00e9s<\/strong><\/p>\n\n\n\n<p class=\"has-accent-color has-text-color\"><strong>\u2714\ufe0f Vos questions via sms, email, WhatsApp ou Instagram <\/strong><\/p>\n\n\n\n<p class=\"has-accent-color has-text-color\">\ud83d\udcbb <strong>Visio possible via la plateforme ma diet en ligne \ud83d\udc4b\ud83c\udffc <\/strong><\/p>\n\n\n\n<h2 class=\"has-large-font-size\"><strong>BILAN NUTRITIONNEL<\/strong><\/h2>\n\n\n\n<p class=\"has-accent-color has-text-color\">Le premier rendez-vous est avant tout l\u2019occasion de faire connaissance.&nbsp;<br>Ensemble, nous faisons le point sur <strong>votre \u00e9tat de sant\u00e9, vos ant\u00e9c\u00e9dents, l\u2019histoire de votre poids, vos exp\u00e9riences de r\u00e9gime, vos habitudes<\/strong> sur les plans alimentaire et de l\u2019activit\u00e9 physique, <strong>vos motivations.<\/strong><\/p>\n\n\n\n<p class=\"has-accent-color has-text-color\">Je vous propose \u00e9galement lors de cette premi\u00e8re consultation, de vous pesez et de prendre vos mesures \u00e0 l&rsquo;aide d&rsquo;un ruban qui permettra de suivre votre perte de poids et\/ou perte de tour de taille.<\/p>\n\n\n\n<p class=\"has-accent-color has-text-color\">Si vous avez des analyses r\u00e9centes, n\u2019h\u00e9sitez pas \u00e0 me les apporter.&nbsp;<br>Si vous venez pour votre enfant, pensez \u00e0 prendre le carnet de sant\u00e9.<\/p>\n\n\n\n<p class=\"has-accent-color has-text-color\"><strong><p><strong>\u23f3 La consultation dure environ 1h00 <\/strong><\/p><\/strong><\/p>\n\n\n\n<p class=\"has-accent-color has-text-color\"><p><strong>\u2714\ufe0f Bilan nutritionnel<\/strong><\/p><\/p>\n\n\n\n<p class=\"has-accent-color has-text-color\"><strong><strong><p><strong>\u2714\ufe0f<\/strong><strong style=\"font-size: revert; color: initial;\"><strong>Tableau de bord + conseils 100% personnalis\u00e9s<\/strong><\/strong><\/p><\/strong><\/strong><\/p>\n\n\n\n<p class=\"has-accent-color has-text-color\"><strong><p><strong>\u2714\ufe0f<\/strong><strong style=\"font-size: revert; color: initial;\">Prise des mesures avec balance \u00e0 imp\u00e9dancem\u00e9trie<\/strong><\/p><\/strong><\/p>\n\n\n\n<p class=\"has-accent-color has-text-color\">\ud83d\udcbb <strong>Visio possible via la plateforme ma diet en ligne \ud83d\udc4b\ud83c\udffc <\/strong><\/p>\n\n\n\n<h2 class=\"has-large-font-size\"><strong>SUIVI NUTRITIONNEL<\/strong><\/h2>\n\n\n\n<p class=\"has-accent-color has-text-color\"><strong><p><strong>\u23f3 La consultation dure environ 30min<\/strong><\/p><\/strong><\/p>\n\n\n\n<p class=\"has-accent-color has-text-color\"><p><strong>\u2714\ufe0f<\/strong><strong style=\"font-size: revert; color: initial;\">\u00c9valuation de la progression + mise \u00e0 jour des mesures<\/strong><\/p><\/p>\n\n\n\n<p class=\"has-accent-color has-text-color\"><strong><p><strong>\u2714\ufe0f<\/strong><strong style=\"font-size: revert; color: initial;\">\u00c9change sur vos ressentis avec les points forts mis en place et\/ou les difficult\u00e9s rencontr\u00e9es<\/strong><\/p><\/strong><\/p>\n\n\n\n<p class=\"has-accent-color has-text-color\"><strong><p><strong>\u2714\ufe0f<\/strong><strong style=\"font-size: revert; color: initial;\">\u00c9tablissement de nouveaux objectifs<\/strong><\/p><\/strong><\/p>\n\n\n\n<p class=\"has-accent-color has-text-color\">\ud83d\udcbb <strong>Visio possible via la plateforme ma diet en ligne \ud83d\udc4b\ud83c\udffc <\/strong><\/p>\n\n\n\n<p class=\"has-accent-color has-text-color\"><strong>Rien n\u2019est pr\u00e9d\u00e9termin\u00e9<\/strong>, que ce soit votre programme alimentaire ou le rythme des consultations. C\u2019est en fonction de vous, de vos besoins, des r\u00e9sultats que nous d\u00e9cidons comment organiser le suivi. A chaque consultation nous faisons le point sur <strong>vos progr\u00e8s, vos ressentis, les difficult\u00e9s rencontr\u00e9es, les occasions particuli\u00e8res \u00e0 g\u00e9rer&#8230;<\/strong><\/p>\n\n\n\n<p class=\"has-accent-color has-text-color\">Si n\u00e9cessaire, je peux vous demander de noter ce que vous mangez sur un carnet. C\u2019est un outil pr\u00e9cieux qui pr\u00e9sente un double int\u00e9r\u00eat :&nbsp;<\/p>\n\n\n\n<ul class=\"has-accent-color has-text-color\"><li>Vous permettre d\u2019identifier ce que vous consommez, de quelle fa\u00e7on et d\u2019en prendre conscience.<\/li><li>Me permettre d\u2019analyser votre comportement alimentaire, de mieux vous conna\u00eetre afin d\u2019adapter ma prise en charge.<\/li><\/ul>\n\n\n\n<h2 class=\"has-text-align-left\"><strong>Tarification en cabinet<\/strong>\/visio<\/h2>\n\n\n\n<figure class=\"wp-block-table alignleft is-style-stripes\"><table class=\"has-accent-color has-light-green-cyan-background-color has-text-color has-background\"><tbody><tr><td>Accompagnement 7j\/7<\/td><td>100 \u20ac<\/td><\/tr><tr><td>Bilan nutritionnel<\/td><td>50 \u20ac<\/td><\/tr><tr><td>Suivi nutritionnel<\/td><td>35 \u20ac<\/td><\/tr><tr><td>Bilan micronutritionnel <\/td><td>80 \u20ac<\/td><\/tr><tr><td>Suivi micronutritonnel<\/td><td>50 \u20ac<\/td><\/tr><tr><td>Possibilit\u00e9 de faire des forfaits ou un tarif sp\u00e9cial couple. <\/td><td><\/td><\/tr><\/tbody><\/table><\/figure>\n\n\n\n<p><strong><em>Consultations \u00e0 domicile<\/em><\/strong><\/p>\n\n\n\n<p>Au del\u00e0 de 5km autour de Montpellier (34070) peuvent s&rsquo;ajouter des frais de d\u00e9placement aux tarifs ci-contre. <\/p>\n","protected":false},"excerpt":{"rendered":"<p>Consultations au cabinet Mon cabinet se situe Place Pierre Mend\u00e8s France \u00e0 Castelnau-Le-Lez (\u00e0 gauche de la poste). Consultations possibles les mardis, jeudis de 8h00 \u00e0 20h00, les vendredis matins de 8h00 \u00e0 13h30 et les samedis apr\u00e8s midis de 13h30 \u00e0 20h00. Uniquement sur rendez-vous. Consultations \u00e0 domicile Vous<span class=\"more-link\"><a href=\"https:\/\/rgdietetique.fr\/index.php\/tarifs\/\">Continue Reading<\/a><\/span><\/p>\n","protected":false},"author":1,"featured_media":0,"parent":0,"menu_order":0,"comment_status":"closed","ping_status":"closed","template":"","meta":[],"_links":{"self":[{"href":"https:\/\/rgdietetique.fr\/index.php\/wp-json\/wp\/v2\/pages\/67"}],"collection":[{"href":"https:\/\/rgdietetique.fr\/index.php\/wp-json\/wp\/v2\/pages"}],"about":[{"href":"https:\/\/rgdietetique.fr\/index.php\/wp-json\/wp\/v2\/types\/page"}],"author":[{"embeddable":true,"href":"https:\/\/rgdietetique.fr\/index.php\/wp-json\/wp\/v2\/users\/1"}],"replies":[{"embeddable":true,"href":"https:\/\/rgdietetique.fr\/index.php\/wp-json\/wp\/v2\/comments?post=67"}],"version-history":[{"count":27,"href":"https:\/\/rgdietetique.fr\/index.php\/wp-json\/wp\/v2\/pages\/67\/revisions"}],"predecessor-version":[{"id":397,"href":"https:\/\/rgdietetique.fr\/index.php\/wp-json\/wp\/v2\/pages\/67\/revisions\/397"}],"wp:attachment":[{"href":"https:\/\/rgdietetique.fr\/index.php\/wp-json\/wp\/v2\/media?parent=67"}],"curies":[{"name":"wp","href":"https:\/\/api.w.org\/{rel}","templated":true}]}}